{"id":84,"date":"2020-08-06T03:25:38","date_gmt":"2020-08-06T03:25:38","guid":{"rendered":"http:\/\/bloomsobright.local\/?page_id=84"},"modified":"2023-03-07T00:04:23","modified_gmt":"2023-03-07T05:04:23","slug":"family-sessions","status":"publish","type":"page","link":"https:\/\/bloomsobright.com\/es\/family-sessions\/","title":{"rendered":"Sesiones Familiares"},"content":{"rendered":"<p>M\u00e1s all\u00e1 de la maternidad y la sesi\u00f3n del reci\u00e9n nacido, la vida sigue floreciendo. Para esas ocasiones, ofrecemos sesiones que se pueden realizar al aire libre en un lugar \u00fanico o en el estudio.<\/p>\n\n\n\n<p>Estas sesiones son perfectas para familias con ni\u00f1os peque\u00f1os, fotos generacionales con los abuelos y otros miembros de la familia extensa, y evocan mucha emoci\u00f3n y conexi\u00f3n con sus seres queridos m\u00e1s preciados.<\/p>\n\n\n\n<p>En estas sesiones, se le guiar\u00e1 sobre c\u00f3mo posar para lograr esa imagen cl\u00e1sica y hermosa que se mostrar\u00e1 sobre su manto. Tambi\u00e9n haremos fotos que no est\u00e9n posadas. Estos son mis favoritos, ya que tienen un enfoque de estilo de vida \/ documental para capturar la esencia de tu familia en este momento.<\/p>\n\n\n\n<p>These sessions include wardrobe consultation to help guide you on what to wear the day of your session. For this reason, booking in advance is recommended to give you time to plan those details.<\/p>\n\n\n\n<p>Bloom So Bright is a home-based portrait studio, located in Port Charlotte, Florida. Investments begin at $375, include Natasha&#8217;s time and talent, and edited digital images.<\/p>\n\n\n\n<h2>Informaci\u00f3n general<\/h2>\n\n\n\n<p>A non refundable deposit of $150 is required to book each session.<\/p>\n\n\n\n<p>Se puede aplicar un cargo por millaje de $1.00 \/ milla. Algunas ubicaciones requieren una tarifa.<\/p>\n\n\n\n<p>Los miembros de la familia inmediata incluyen a mam\u00e1, pap\u00e1 y hermanos (hasta 5). Los miembros adicionales de la familia tienen un costo adicional de $25 por persona.<\/p>\n\n\n\n<div class=\"pricing\">\n\t\t \n\t\t\t<div class=\"pricing-item\">\n\t\t\t\t<div class=\"pricing-image\" style='background-image: url(https:\/\/bloomsobright.com\/wp-content\/uploads\/2020\/10\/BSB_9781.jpeg);' \/><\/div>\n\t\t\t\t<div class=\"pricing-details\">\n\t\t\t\t\t<div class=\"pricing-details-wrap\">\n\t\t\t\t\t\t<h2>Sesiones Familiares<\/h2>\n\t\t\t\t\t\t\t\t\t\t\t\t\t\t\t\t\t<\/div>\n\t\t\t\t\t<div class=\"pricing-breakdown\">\n\t\t\t\t\t\t\t\t\t\t\t\t<div class=\"pricing-tag\">\n\t\t\t\t\t\t\t<h4>$575<\/h4>\n\t\t\t\t\t\t\t<p>Sunset at the Beach or at the Park, or Other Location<br \/>\nComplimentary wardrobe consultation<br \/>\nAll images<br \/>\n1 vestuario<br \/>\nLos miembros adicionales de la familia (m\u00e1s de 5 miembros) tienen un costo adicional de $ 25 por persona.<\/p>\n\t\t\t\t\t\t<\/div>\n\t\t\t\t\t\t\t\t\t\t\t\t<div class=\"pricing-tag\">\n\t\t\t\t\t\t\t<h4>$450<\/h4>\n\t\t\t\t\t\t\t<p>Sunset at the Beach or at the Park, or Other Location<br \/>\nComplimentary wardrobe consultation<br \/>\n40 im\u00e1genes retocadas<br \/>\n1 vestuario<br \/>\nLos miembros adicionales de la familia (m\u00e1s de 5 miembros) tienen un costo adicional de $ 25 por persona.<\/p>\n\t\t\t\t\t\t<\/div>\n\t\t\t\t\t\t\t\t\t\t\t\t<div class=\"pricing-tag\">\n\t\t\t\t\t\t\t<h4>$375<\/h4>\n\t\t\t\t\t\t\t<p>En el Estudio<br \/>\nComplimentary wardrobe consultation<br \/>\n20 im\u00e1genes retocadas<br \/>\n1 vestuario<br \/>\nLos miembros adicionales de la familia (m\u00e1s de 5 miembros) tienen un costo adicional de $ 25 por persona.<\/p>\n\t\t\t\t\t\t<\/div>\n\t\t\t\t\t\t\t\t\t\t\t<\/div>\n\t\t\t\t<\/div>\n\t\t\t<\/div>\n\t\t\t\t\t\t<\/div>","protected":false},"excerpt":{"rendered":"<p>Beyond your maternity and newborn session, life continues to bloom. For those occasions, we offer sessions that can be done outdoors at a unique location or in studio. These sessions are perfect for families with small children, generational photos with the grandparents and other extended family members, and evoke tons of emotion and connection with [&#8230;]<\/p>\n<p><a class=\"btn btn-secondary understrap-read-more-link\" href=\"https:\/\/bloomsobright.com\/es\/pricing\/beyond-session\/\">Leer m\u00e1s&#8230;<\/a><\/p>","protected":false},"author":1,"featured_media":330,"parent":0,"menu_order":17,"comment_status":"closed","ping_status":"closed","template":"page-templates\/portfoliopage.php","meta":[],"acf":[],"yoast_head":"<!-- This site is optimized with the Yoast SEO plugin v21.1 - https:\/\/yoast.com\/wordpress\/plugins\/seo\/ -->\n<title>Family Sessions - Bloom So Bright<\/title>\n<meta name=\"robots\" content=\"index, follow, max-snippet:-1, max-image-preview:large, max-video-preview:-1\" \/>\n<link rel=\"canonical\" href=\"https:\/\/bloomsobright.com\/es\/family-sessions\/\" \/>\n<meta property=\"og:locale\" content=\"es_ES\" \/>\n<meta property=\"og:type\" content=\"article\" \/>\n<meta property=\"og:title\" content=\"Family Sessions - Bloom So Bright\" \/>\n<meta property=\"og:description\" content=\"Beyond your maternity and newborn session, life continues to bloom. For those occasions, we offer sessions that can be done outdoors at a unique location or in studio. These sessions are perfect for families with small children, generational photos with the grandparents and other extended family members, and evoke tons of emotion and connection with [...]Leer m\u00e1s...\" \/>\n<meta property=\"og:url\" content=\"https:\/\/bloomsobright.com\/es\/family-sessions\/\" \/>\n<meta property=\"og:site_name\" content=\"Bloom So Bright\" \/>\n<meta property=\"article:publisher\" content=\"https:\/\/www.facebook.com\/bloomsobright\" \/>\n<meta property=\"article:modified_time\" content=\"2023-03-07T05:04:23+00:00\" \/>\n<meta property=\"og:image\" content=\"https:\/\/bloomsobright.com\/wp-content\/uploads\/2020\/12\/BSB_3174.jpg\" \/>\n\t<meta property=\"og:image:width\" content=\"1140\" \/>\n\t<meta property=\"og:image:height\" content=\"760\" \/>\n\t<meta property=\"og:image:type\" content=\"image\/jpeg\" \/>\n<meta name=\"twitter:card\" content=\"summary_large_image\" \/>\n<meta name=\"twitter:label1\" content=\"Tiempo de lectura\" \/>\n\t<meta name=\"twitter:data1\" content=\"1 minuto\" \/>\n<script type=\"application\/ld+json\" class=\"yoast-schema-graph\">{\"@context\":\"https:\/\/schema.org\",\"@graph\":[{\"@type\":\"WebPage\",\"@id\":\"https:\/\/bloomsobright.com\/family-sessions\/\",\"url\":\"https:\/\/bloomsobright.com\/family-sessions\/\",\"name\":\"Family Sessions - Bloom So Bright\",\"isPartOf\":{\"@id\":\"https:\/\/bloomsobright.com\/#website\"},\"datePublished\":\"2020-08-06T03:25:38+00:00\",\"dateModified\":\"2023-03-07T05:04:23+00:00\",\"breadcrumb\":{\"@id\":\"https:\/\/bloomsobright.com\/family-sessions\/#breadcrumb\"},\"inLanguage\":\"es\",\"potentialAction\":[{\"@type\":\"ReadAction\",\"target\":[\"https:\/\/bloomsobright.com\/family-sessions\/\"]}]},{\"@type\":\"BreadcrumbList\",\"@id\":\"https:\/\/bloomsobright.com\/family-sessions\/#breadcrumb\",\"itemListElement\":[{\"@type\":\"ListItem\",\"position\":1,\"name\":\"Home\",\"item\":\"https:\/\/bloomsobright.com\/\"},{\"@type\":\"ListItem\",\"position\":2,\"name\":\"Family Sessions\"}]},{\"@type\":\"WebSite\",\"@id\":\"https:\/\/bloomsobright.com\/#website\",\"url\":\"https:\/\/bloomsobright.com\/\",\"name\":\"Bloom So Bright\",\"description\":\"Capturing Life in Full Bloom\",\"publisher\":{\"@id\":\"https:\/\/bloomsobright.com\/#organization\"},\"potentialAction\":[{\"@type\":\"SearchAction\",\"target\":{\"@type\":\"EntryPoint\",\"urlTemplate\":\"https:\/\/bloomsobright.com\/?s={search_term_string}\"},\"query-input\":\"required name=search_term_string\"}],\"inLanguage\":\"es\"},{\"@type\":\"Organization\",\"@id\":\"https:\/\/bloomsobright.com\/#organization\",\"name\":\"Bloom So Bright\",\"url\":\"https:\/\/bloomsobright.com\/\",\"logo\":{\"@type\":\"ImageObject\",\"inLanguage\":\"es\",\"@id\":\"https:\/\/bloomsobright.com\/#\/schema\/logo\/image\/\",\"url\":\"https:\/\/bloomsobright.com\/wp-content\/uploads\/2021\/02\/BSB_line_K.jpg\",\"contentUrl\":\"https:\/\/bloomsobright.com\/wp-content\/uploads\/2021\/02\/BSB_line_K.jpg\",\"width\":602,\"height\":150,\"caption\":\"Bloom So Bright\"},\"image\":{\"@id\":\"https:\/\/bloomsobright.com\/#\/schema\/logo\/image\/\"},\"sameAs\":[\"https:\/\/www.facebook.com\/bloomsobright\",\"https:\/\/www.instagram.com\/bloomsobright\/\",\"https:\/\/www.linkedin.com\/in\/natasha-santaella-38ab2a47\/\"]}]}<\/script>\n<!-- \/ Yoast SEO plugin. -->","yoast_head_json":{"title":"Family Sessions - Bloom So Bright","robots":{"index":"index","follow":"follow","max-snippet":"max-snippet:-1","max-image-preview":"max-image-preview:large","max-video-preview":"max-video-preview:-1"},"canonical":"https:\/\/bloomsobright.com\/es\/family-sessions\/","og_locale":"es_ES","og_type":"article","og_title":"Family Sessions - Bloom So Bright","og_description":"Beyond your maternity and newborn session, life continues to bloom. For those occasions, we offer sessions that can be done outdoors at a unique location or in studio. These sessions are perfect for families with small children, generational photos with the grandparents and other extended family members, and evoke tons of emotion and connection with [...]Leer m\u00e1s...","og_url":"https:\/\/bloomsobright.com\/es\/family-sessions\/","og_site_name":"Bloom So Bright","article_publisher":"https:\/\/www.facebook.com\/bloomsobright","article_modified_time":"2023-03-07T05:04:23+00:00","og_image":[{"width":1140,"height":760,"url":"https:\/\/bloomsobright.com\/wp-content\/uploads\/2020\/12\/BSB_3174.jpg","type":"image\/jpeg"}],"twitter_card":"summary_large_image","twitter_misc":{"Tiempo de lectura":"1 minuto"},"schema":{"@context":"https:\/\/schema.org","@graph":[{"@type":"WebPage","@id":"https:\/\/bloomsobright.com\/family-sessions\/","url":"https:\/\/bloomsobright.com\/family-sessions\/","name":"Family Sessions - Bloom So Bright","isPartOf":{"@id":"https:\/\/bloomsobright.com\/#website"},"datePublished":"2020-08-06T03:25:38+00:00","dateModified":"2023-03-07T05:04:23+00:00","breadcrumb":{"@id":"https:\/\/bloomsobright.com\/family-sessions\/#breadcrumb"},"inLanguage":"es","potentialAction":[{"@type":"ReadAction","target":["https:\/\/bloomsobright.com\/family-sessions\/"]}]},{"@type":"BreadcrumbList","@id":"https:\/\/bloomsobright.com\/family-sessions\/#breadcrumb","itemListElement":[{"@type":"ListItem","position":1,"name":"Home","item":"https:\/\/bloomsobright.com\/"},{"@type":"ListItem","position":2,"name":"Family Sessions"}]},{"@type":"WebSite","@id":"https:\/\/bloomsobright.com\/#website","url":"https:\/\/bloomsobright.com\/","name":"Bloom So Bright","description":"Capturing Life in Full Bloom","publisher":{"@id":"https:\/\/bloomsobright.com\/#organization"},"potentialAction":[{"@type":"SearchAction","target":{"@type":"EntryPoint","urlTemplate":"https:\/\/bloomsobright.com\/?s={search_term_string}"},"query-input":"required name=search_term_string"}],"inLanguage":"es"},{"@type":"Organization","@id":"https:\/\/bloomsobright.com\/#organization","name":"Bloom So Bright","url":"https:\/\/bloomsobright.com\/","logo":{"@type":"ImageObject","inLanguage":"es","@id":"https:\/\/bloomsobright.com\/#\/schema\/logo\/image\/","url":"https:\/\/bloomsobright.com\/wp-content\/uploads\/2021\/02\/BSB_line_K.jpg","contentUrl":"https:\/\/bloomsobright.com\/wp-content\/uploads\/2021\/02\/BSB_line_K.jpg","width":602,"height":150,"caption":"Bloom So Bright"},"image":{"@id":"https:\/\/bloomsobright.com\/#\/schema\/logo\/image\/"},"sameAs":["https:\/\/www.facebook.com\/bloomsobright","https:\/\/www.instagram.com\/bloomsobright\/","https:\/\/www.linkedin.com\/in\/natasha-santaella-38ab2a47\/"]}]}},"_links":{"self":[{"href":"https:\/\/bloomsobright.com\/es\/wp-json\/wp\/v2\/pages\/84"}],"collection":[{"href":"https:\/\/bloomsobright.com\/es\/wp-json\/wp\/v2\/pages"}],"about":[{"href":"https:\/\/bloomsobright.com\/es\/wp-json\/wp\/v2\/types\/page"}],"author":[{"embeddable":true,"href":"https:\/\/bloomsobright.com\/es\/wp-json\/wp\/v2\/users\/1"}],"replies":[{"embeddable":true,"href":"https:\/\/bloomsobright.com\/es\/wp-json\/wp\/v2\/comments?post=84"}],"version-history":[{"count":17,"href":"https:\/\/bloomsobright.com\/es\/wp-json\/wp\/v2\/pages\/84\/revisions"}],"predecessor-version":[{"id":1232,"href":"https:\/\/bloomsobright.com\/es\/wp-json\/wp\/v2\/pages\/84\/revisions\/1232"}],"wp:featuredmedia":[{"embeddable":true,"href":"https:\/\/bloomsobright.com\/es\/wp-json\/wp\/v2\/media\/330"}],"wp:attachment":[{"href":"https:\/\/bloomsobright.com\/es\/wp-json\/wp\/v2\/media?parent=84"}],"curies":[{"name":"wp","href":"https:\/\/api.w.org\/{rel}","templated":true}]}}