{"id":80,"date":"2020-08-06T03:24:51","date_gmt":"2020-08-06T03:24:51","guid":{"rendered":"http:\/\/bloomsobright.local\/?page_id=80"},"modified":"2023-03-06T23:51:57","modified_gmt":"2023-03-07T04:51:57","slug":"bellies","status":"publish","type":"page","link":"https:\/\/bloomsobright.com\/es\/bellies\/","title":{"rendered":"Barriguitas"},"content":{"rendered":"<figure class=\"wp-block-video\"><video autoplay controls loop muted src=\"\/wp-content\/uploads\/2022\/01\/BSB_MaternityExperience.mp4\"><\/video><\/figure>\n\n\n\n<p>Bloom So Bright es un estudio de retratos en el hogar, ubicado en Port Charlotte, Florida. Las sesiones de estudio se llevan a cabo de lunes a viernes. El precio de la sesi\u00f3n comienza en $450. Incluyen el tiempo y el talento de Natasha, im\u00e1genes digitales editadas y acceso al guardarropa del cliente. <\/p>\n\n\n\n<figure class=\"wp-block-pullquote\"><blockquote><p>Se recomienda reservar con anticipaci\u00f3n, porque reservo con 2 o 3 meses de anticipaci\u00f3n. Es preferible reservar al menos 6 a 8 semanas antes de la fecha de sesi\u00f3n deseada para garantizar la disponibilidad de la cita.<\/p><\/blockquote><\/figure>\n\n\n\n<div class=\"pricing\">\n\t\t \n\t\t\t<div class=\"pricing-item\">\n\t\t\t\t<div class=\"pricing-image\" style='background-image: url(https:\/\/bloomsobright.com\/wp-content\/uploads\/2020\/12\/maternity_0927.jpg);' \/><\/div>\n\t\t\t\t<div class=\"pricing-details\">\n\t\t\t\t\t<div class=\"pricing-details-wrap\">\n\t\t\t\t\t\t<h2>Sesi\u00f3n de Maternidad<\/h2>\n\t\t\t\t\t\t\t\t\t\t\t\t\t\t\t\t\t<\/div>\n\t\t\t\t\t<div class=\"pricing-breakdown\">\n\t\t\t\t\t\t\t\t\t\t\t\t<div class=\"pricing-tag\">\n\t\t\t\t\t\t\t<h4>$625<\/h4>\n\t\t\t\t\t\t\t<p>En estudio y estilo de vida \u00edntimo<br \/>\n40 im\u00e1genes retocadas<br \/>\n1-2 horas<br \/>\n4 cambios de vestuario<br \/>\nRetratos de Padres y Hermanos Opcional<br \/>\nComplemento de maquillaje por $100 adicionales<br \/>\n<em>Las sesiones de maternidad fuera del estudio est\u00e1n disponibles a pedido. Se aplicar\u00e1 una tarifa de viaje.<\/em><\/p>\n\t\t\t\t\t\t<\/div>\n\t\t\t\t\t\t\t\t\t\t\t\t<div class=\"pricing-tag\">\n\t\t\t\t\t\t\t<h4>$485<\/h4>\n\t\t\t\t\t\t\t<p>En estudio y estilo de vida \u00edntimo<br \/>\n20 im\u00e1genes retocadas<br \/>\n1-2 horas<br \/>\n2 cambios de vestuario<br \/>\nSolo pareja<br \/>\nComplemento de maquillaje por $100 adicionales<br \/>\n<em>Las sesiones de maternidad fuera del estudio est\u00e1n disponibles a pedido. Se aplicar\u00e1 una tarifa de viaje.<\/em><\/p>\n\t\t\t\t\t\t<\/div>\n\t\t\t\t\t\t\t\t\t\t\t<\/div>\n\t\t\t\t<\/div>\n\t\t\t<\/div>\n\t\t\t\t\t\t<\/div>\n\t\t\n\t\t\n\n\n\n<div class=\"text-center pb-5\"><a href=\"https:\/\/bloomsobright.com\/es\/maternity-questionnaire\/\" class=\"btn btn-primary btn-lg p-4\">\u00a1Lista para planificar mi cita!<\/a><\/div>\n\n\n\n<h2>Colecciones<\/h2>\n\n\n\n<p>Todas las colecciones incluyen una tarifa de sesi\u00f3n. Este dep\u00f3sito se debe pagar en el momento de la reserva. El saldo restante debe pagarse antes de la sesi\u00f3n.<\/p>\n\n\n\n<p>Las colecciones comienzan en $450 e incluyen archivos digitales. Los \u00e1lbumes y impresi\u00f3nes de m\u00e1s de 11 x 14 se compran por separado.<\/p>\n\n\n\n<h2>Sesiones de maternidad<\/h2>\n\n\n\n<p>Se recomienda que las fotos de maternidad se tomen entre las semanas 26 a 34 de embarazo.<\/p>\n\n\n\n<h2>Informaci\u00f3n general<\/h2>\n\n\n\n<p>Las sesiones de maternidad en el lugar est\u00e1n disponibles a pedido. Consultar para obtener m\u00e1s informaci\u00f3n.<\/p>\n\n\n\n<p>Los miembros de la familia inmediata incluyen a mam\u00e1, pap\u00e1 y hermanos (hasta 5). Los miembros adicionales de la familia tienen un costo adicional de $25 por persona.<\/p>\n\n\n\n<p>Se requiere un dep\u00f3sito no reembolsable de $ 150 para reservar cada sesi\u00f3n.<\/p>\n\n\n\n<div class=\"is-layout-flow wp-block-group container\"><div class=\"wp-block-group__inner-container\">\n<div class=\"is-layout-flow wp-block-group py-5\"><div class=\"wp-block-group__inner-container\">\n<div class=\"is-layout-flow wp-block-group py-5\"><div class=\"wp-block-group__inner-container\">\n<div class=\"is-layout-flow wp-block-group\"><div class=\"wp-block-group__inner-container\">\n<div class=\"text-center pb-5\"><a href=\"https:\/\/bloomsobright.com\/es\/maternity-questionnaire\/\" class=\"btn btn-primary btn-lg p-4\">Vamos a reservar!<\/a><\/div>\n<\/div><\/div>\n<\/div><\/div>\n<\/div><\/div>\n<\/div><\/div>\n\n\n\n<p><\/p>","protected":false},"excerpt":{"rendered":"<p>Bloom So Bright is a home-based portrait studio, located in Port Charlotte, Florida. Studio sessions are held Monday through Friday. Session pricing begins at $450. They include Natasha&#8217;s time and talent, edited digital images, and access to client wardrobe. Advance booking is highly recommended, as I book 2 to 3 months in advance. Booking at [&#8230;]<\/p>\n<p><a class=\"btn btn-secondary understrap-read-more-link\" href=\"https:\/\/bloomsobright.com\/es\/pricing\/maternity-session\/\">Leer m\u00e1s&#8230;<\/a><\/p>","protected":false},"author":1,"featured_media":0,"parent":0,"menu_order":19,"comment_status":"closed","ping_status":"closed","template":"page-templates\/portfoliopage.php","meta":[],"acf":[],"yoast_head":"<!-- This site is optimized with the Yoast SEO plugin v21.1 - https:\/\/yoast.com\/wordpress\/plugins\/seo\/ -->\n<title>Bellies - Bloom So Bright<\/title>\n<meta name=\"robots\" content=\"index, follow, max-snippet:-1, max-image-preview:large, max-video-preview:-1\" \/>\n<link rel=\"canonical\" href=\"https:\/\/bloomsobright.com\/es\/bellies\/\" \/>\n<meta property=\"og:locale\" content=\"es_ES\" \/>\n<meta property=\"og:type\" content=\"article\" \/>\n<meta property=\"og:title\" content=\"Bellies - Bloom So Bright\" \/>\n<meta property=\"og:description\" content=\"Bloom So Bright is a home-based portrait studio, located in Port Charlotte, Florida. Studio sessions are held Monday through Friday. Session pricing begins at $450. They include Natasha&#8217;s time and talent, edited digital images, and access to client wardrobe. Advance booking is highly recommended, as I book 2 to 3 months in advance. Booking at [...]Leer m\u00e1s...\" \/>\n<meta property=\"og:url\" content=\"https:\/\/bloomsobright.com\/es\/bellies\/\" \/>\n<meta property=\"og:site_name\" content=\"Bloom So Bright\" \/>\n<meta property=\"article:publisher\" content=\"https:\/\/www.facebook.com\/bloomsobright\" \/>\n<meta property=\"article:modified_time\" content=\"2023-03-07T04:51:57+00:00\" \/>\n<meta name=\"twitter:card\" content=\"summary_large_image\" \/>\n<meta name=\"twitter:label1\" content=\"Tiempo de lectura\" \/>\n\t<meta name=\"twitter:data1\" content=\"1 minuto\" \/>\n<script type=\"application\/ld+json\" class=\"yoast-schema-graph\">{\"@context\":\"https:\/\/schema.org\",\"@graph\":[{\"@type\":\"WebPage\",\"@id\":\"https:\/\/bloomsobright.com\/bellies\/\",\"url\":\"https:\/\/bloomsobright.com\/bellies\/\",\"name\":\"Bellies - Bloom So Bright\",\"isPartOf\":{\"@id\":\"https:\/\/bloomsobright.com\/#website\"},\"datePublished\":\"2020-08-06T03:24:51+00:00\",\"dateModified\":\"2023-03-07T04:51:57+00:00\",\"breadcrumb\":{\"@id\":\"https:\/\/bloomsobright.com\/bellies\/#breadcrumb\"},\"inLanguage\":\"es\",\"potentialAction\":[{\"@type\":\"ReadAction\",\"target\":[\"https:\/\/bloomsobright.com\/bellies\/\"]}]},{\"@type\":\"BreadcrumbList\",\"@id\":\"https:\/\/bloomsobright.com\/bellies\/#breadcrumb\",\"itemListElement\":[{\"@type\":\"ListItem\",\"position\":1,\"name\":\"Home\",\"item\":\"https:\/\/bloomsobright.com\/\"},{\"@type\":\"ListItem\",\"position\":2,\"name\":\"Bellies\"}]},{\"@type\":\"WebSite\",\"@id\":\"https:\/\/bloomsobright.com\/#website\",\"url\":\"https:\/\/bloomsobright.com\/\",\"name\":\"Bloom So Bright\",\"description\":\"Capturing Life in Full Bloom\",\"publisher\":{\"@id\":\"https:\/\/bloomsobright.com\/#organization\"},\"potentialAction\":[{\"@type\":\"SearchAction\",\"target\":{\"@type\":\"EntryPoint\",\"urlTemplate\":\"https:\/\/bloomsobright.com\/?s={search_term_string}\"},\"query-input\":\"required name=search_term_string\"}],\"inLanguage\":\"es\"},{\"@type\":\"Organization\",\"@id\":\"https:\/\/bloomsobright.com\/#organization\",\"name\":\"Bloom So Bright\",\"url\":\"https:\/\/bloomsobright.com\/\",\"logo\":{\"@type\":\"ImageObject\",\"inLanguage\":\"es\",\"@id\":\"https:\/\/bloomsobright.com\/#\/schema\/logo\/image\/\",\"url\":\"https:\/\/bloomsobright.com\/wp-content\/uploads\/2021\/02\/BSB_line_K.jpg\",\"contentUrl\":\"https:\/\/bloomsobright.com\/wp-content\/uploads\/2021\/02\/BSB_line_K.jpg\",\"width\":602,\"height\":150,\"caption\":\"Bloom So Bright\"},\"image\":{\"@id\":\"https:\/\/bloomsobright.com\/#\/schema\/logo\/image\/\"},\"sameAs\":[\"https:\/\/www.facebook.com\/bloomsobright\",\"https:\/\/www.instagram.com\/bloomsobright\/\",\"https:\/\/www.linkedin.com\/in\/natasha-santaella-38ab2a47\/\"]}]}<\/script>\n<!-- \/ Yoast SEO plugin. -->","yoast_head_json":{"title":"Bellies - Bloom So Bright","robots":{"index":"index","follow":"follow","max-snippet":"max-snippet:-1","max-image-preview":"max-image-preview:large","max-video-preview":"max-video-preview:-1"},"canonical":"https:\/\/bloomsobright.com\/es\/bellies\/","og_locale":"es_ES","og_type":"article","og_title":"Bellies - Bloom So Bright","og_description":"Bloom So Bright is a home-based portrait studio, located in Port Charlotte, Florida. Studio sessions are held Monday through Friday. Session pricing begins at $450. They include Natasha&#8217;s time and talent, edited digital images, and access to client wardrobe. Advance booking is highly recommended, as I book 2 to 3 months in advance. Booking at [...]Leer m\u00e1s...","og_url":"https:\/\/bloomsobright.com\/es\/bellies\/","og_site_name":"Bloom So Bright","article_publisher":"https:\/\/www.facebook.com\/bloomsobright","article_modified_time":"2023-03-07T04:51:57+00:00","twitter_card":"summary_large_image","twitter_misc":{"Tiempo de lectura":"1 minuto"},"schema":{"@context":"https:\/\/schema.org","@graph":[{"@type":"WebPage","@id":"https:\/\/bloomsobright.com\/bellies\/","url":"https:\/\/bloomsobright.com\/bellies\/","name":"Bellies - Bloom So Bright","isPartOf":{"@id":"https:\/\/bloomsobright.com\/#website"},"datePublished":"2020-08-06T03:24:51+00:00","dateModified":"2023-03-07T04:51:57+00:00","breadcrumb":{"@id":"https:\/\/bloomsobright.com\/bellies\/#breadcrumb"},"inLanguage":"es","potentialAction":[{"@type":"ReadAction","target":["https:\/\/bloomsobright.com\/bellies\/"]}]},{"@type":"BreadcrumbList","@id":"https:\/\/bloomsobright.com\/bellies\/#breadcrumb","itemListElement":[{"@type":"ListItem","position":1,"name":"Home","item":"https:\/\/bloomsobright.com\/"},{"@type":"ListItem","position":2,"name":"Bellies"}]},{"@type":"WebSite","@id":"https:\/\/bloomsobright.com\/#website","url":"https:\/\/bloomsobright.com\/","name":"Bloom So Bright","description":"Capturing Life in Full Bloom","publisher":{"@id":"https:\/\/bloomsobright.com\/#organization"},"potentialAction":[{"@type":"SearchAction","target":{"@type":"EntryPoint","urlTemplate":"https:\/\/bloomsobright.com\/?s={search_term_string}"},"query-input":"required name=search_term_string"}],"inLanguage":"es"},{"@type":"Organization","@id":"https:\/\/bloomsobright.com\/#organization","name":"Bloom So Bright","url":"https:\/\/bloomsobright.com\/","logo":{"@type":"ImageObject","inLanguage":"es","@id":"https:\/\/bloomsobright.com\/#\/schema\/logo\/image\/","url":"https:\/\/bloomsobright.com\/wp-content\/uploads\/2021\/02\/BSB_line_K.jpg","contentUrl":"https:\/\/bloomsobright.com\/wp-content\/uploads\/2021\/02\/BSB_line_K.jpg","width":602,"height":150,"caption":"Bloom So Bright"},"image":{"@id":"https:\/\/bloomsobright.com\/#\/schema\/logo\/image\/"},"sameAs":["https:\/\/www.facebook.com\/bloomsobright","https:\/\/www.instagram.com\/bloomsobright\/","https:\/\/www.linkedin.com\/in\/natasha-santaella-38ab2a47\/"]}]}},"_links":{"self":[{"href":"https:\/\/bloomsobright.com\/es\/wp-json\/wp\/v2\/pages\/80"}],"collection":[{"href":"https:\/\/bloomsobright.com\/es\/wp-json\/wp\/v2\/pages"}],"about":[{"href":"https:\/\/bloomsobright.com\/es\/wp-json\/wp\/v2\/types\/page"}],"author":[{"embeddable":true,"href":"https:\/\/bloomsobright.com\/es\/wp-json\/wp\/v2\/users\/1"}],"replies":[{"embeddable":true,"href":"https:\/\/bloomsobright.com\/es\/wp-json\/wp\/v2\/comments?post=80"}],"version-history":[{"count":38,"href":"https:\/\/bloomsobright.com\/es\/wp-json\/wp\/v2\/pages\/80\/revisions"}],"predecessor-version":[{"id":1231,"href":"https:\/\/bloomsobright.com\/es\/wp-json\/wp\/v2\/pages\/80\/revisions\/1231"}],"wp:attachment":[{"href":"https:\/\/bloomsobright.com\/es\/wp-json\/wp\/v2\/media?parent=80"}],"curies":[{"name":"wp","href":"https:\/\/api.w.org\/{rel}","templated":true}]}}