{"id":546,"date":"2021-03-24T11:01:54","date_gmt":"2021-03-24T15:01:54","guid":{"rendered":"https:\/\/bloomsobright.com\/?page_id=546"},"modified":"2022-05-11T12:15:15","modified_gmt":"2022-05-11T16:15:15","slug":"f-a-q-s","status":"publish","type":"page","link":"https:\/\/bloomsobright.com\/es\/f-a-q-s\/","title":{"rendered":"F.A.Q.&#8217;s"},"content":{"rendered":"<p><strong>\u00bfD\u00f3nde est\u00e1 ubicado tu estudio?<\/strong><br>Mi estudio est\u00e1 ubicado en mi casa en Port Charlotte, Florida.<\/p>\n\n\n\n<p><strong>\u00bfD\u00f3nde fotograf\u00eda sus sesiones?<\/strong><br>Fotograf\u00edo la mayor\u00eda de mis sesiones en el estudio de mi casa. Disfruto de las sesiones familiares en la playa y otros lugares y, a menudo, viajo a otras \u00e1reas. Por lo general, tendremos sesiones en los condados de Miami-Dade o Broward, as\u00ed como en los condados de Lee, Charlotte y Sarasota.<\/p>\n\n\n\n<p><strong>\u00bfCu\u00e1l es su tiempo de respuesta para retocar im\u00e1genes?<\/strong><br>Por lo general, de 3 a 4 semanas a partir de la fecha en que selecciona las im\u00e1genes para su galer\u00eda para esperar recibir la galer\u00eda completa. Debido a la naturaleza del estilo de los retratos de maternidad, mis clientes tienen la oportunidad de ver y seleccionar las im\u00e1genes que quieren que retoque desde una galer\u00eda de vista previa. Me gusta dar tiempo suficiente para que mis clientes hagan sus selecciones y luego comiencen a editar sin apresurar el proceso. Dependiendo de cu\u00e1ntas im\u00e1genes se elijan, puede llevar m\u00e1s tiempo. Siempre me esfuerzo por terminar la galer\u00eda lo m\u00e1s r\u00e1pido posible, teniendo en cuenta que quiero que cada imagen se vea perfecta. Otra raz\u00f3n por la que puede tomar m\u00e1s tiempo es porque tengo sesiones entre los d\u00edas de edici\u00f3n y otras sesiones que a\u00fan pueden necesitar edici\u00f3n antes de poder pasar a otra sesi\u00f3n para editar.&nbsp;<\/p>\n\n\n\n<p><strong>\u00a1No puedo esperar a ver las im\u00e1genes editadas! \u00bfCu\u00e1ndo estar\u00e1n listos?<\/strong><br>Recibir\u00e1s un mensaje o correo electr\u00f3nico m\u00edo para avisarte cuando tu galer\u00eda est\u00e9 lista para descargar. El estilo de arte fotogr\u00e1fico que ofrezco significa que el proceso de edici\u00f3n lleva tiempo. Presto mucha atenci\u00f3n a los detalles para garantizar im\u00e1genes magn\u00edficas listas para imprimir. Entiendo completamente la emoci\u00f3n de recibir sus im\u00e1genes y prometo hac\u00e9rselas llegar lo m\u00e1s r\u00e1pido posible; gracias por su paciencia.<\/p>\n\n\n\n<p><strong>\u00bfTienes Facebook?<\/strong><br>\u00a1S\u00ed! \u00a1Nos encantar\u00eda que nos <a href=\"https:\/\/www.facebook.com\/bloomsobright\" target=\"_blank\" rel=\"noreferrer noopener\">siguieras en Facebook!<\/a><\/p>\n\n\n\n<p><strong>\u00bfMe orientar\u00e1n sobre qu\u00e9 ponerme para mi sesi\u00f3n?&nbsp;<\/strong><br>\u00a1S\u00ed! Estoy feliz de ayudarte con la planificaci\u00f3n de tus atuendos. Podemos discutir colores y otras opciones. Tambi\u00e9n puedo proporcionar recomendaciones sobre d\u00f3nde puede comprar para armar algo con el aspecto que desea tener.&nbsp;<\/p>\n\n\n\n<p><strong>\u00bfPuedo recibir una reducci\u00f3n de precio si me maquillo y peino yo mismo?<\/strong><br>Desafortunadamente, no puedo ofrecer un descuento en los precios de mis paquetes si elige no tener este servicio por parte de mi equipo. Mis paquetes no son personalizables en este momento.<\/p>\n\n\n\n<p><strong>\u00bfQu\u00e9 implica reservar una sesi\u00f3n?<\/strong><br>Por lo general, tendremos una breve conversaci\u00f3n telef\u00f3nica para planificar los detalles de su sesi\u00f3n para incluir la ubicaci\u00f3n, la fecha y la hora. Luego se le env\u00eda una factura con un contrato para pagar una tarifa de retenci\u00f3n. Una vez que se paga su dep\u00f3sito, entonces est\u00e1 oficialmente en nuestro horario.<\/p>\n\n\n\n<p><strong>\u00bfQu\u00e9 pasa si tengo que cancelar? \u00bfPuedo recuperar mi dep\u00f3sito?<\/strong><br>Por lo general, una tarifa de anticipo\/dep\u00f3sito no es reembolsable, pero se puede transferir a una sesi\u00f3n futura dentro del a\u00f1o de la fecha de la sesi\u00f3n original. Si se realiza una cancelaci\u00f3n debido a una emergencia u otro evento que ocurre como un acto de Dios, entonces se le devuelve su dep\u00f3sito.<\/p>\n\n\n\n<p><strong>\u00bfRecibo todas las im\u00e1genes de la sesi\u00f3n?<\/strong><br>No, obtienes el recuento de im\u00e1genes prometido en el paquete que reservaste. Tiene la opci\u00f3n de comprar im\u00e1genes editadas adicionales si lo desea.<\/p>\n\n\n\n<p><strong>\u00bfPuedo tener las im\u00e1genes sin editar\/puedo comprar im\u00e1genes adicionales que no est\u00e9n editadas por un precio m\u00e1s bajo?<\/strong><br>No, no vendo ni doy ninguna imagen sin editar. Cuando los clientes reservan una sesi\u00f3n conmigo, generalmente esperan que su producto final se vea como lo que ven en mi cartera de im\u00e1genes. Dado que las im\u00e1genes sin editar no representan mi estilo art\u00edstico ni mi marca, solo le proporcionamos las im\u00e1genes despu\u00e9s de que hayan sido retocadas y listas para imprimir.<\/p>\n\n\n\n<p><strong>\u00a1Estoy lista para reservar mi sesi\u00f3n! \u00bfQu\u00e9 hago ahora?<\/strong><br>Cont\u00e1ctame <a href=\"mailto:hello@bloomsobright.com\" target=\"_blank\" rel=\"noreferrer noopener\">v\u00eda correo electr\u00f3nico <\/a>o ll\u00e1mame, <a href=\"tel:3053217227\">305.321.7227<\/a>.<\/p>\n\n\n\n<p><\/p>","protected":false},"excerpt":{"rendered":"<p>Where is your studio located?My studio is currently in my home in Port Charlotte, Florida. Where do you shoot your sessions?I shoot most of my sessions in my home studio. I do enjoy family sessions on the beach and other locations and will often travel to other areas. We usually will have sessions in Miami-Dade [&#8230;]<\/p>\n<p><a class=\"btn btn-secondary understrap-read-more-link\" href=\"https:\/\/bloomsobright.com\/es\/f-a-q-s\/\">Leer m\u00e1s&#8230;<\/a><\/p>","protected":false},"author":1,"featured_media":0,"parent":0,"menu_order":7,"comment_status":"closed","ping_status":"closed","template":"","meta":[],"acf":[],"yoast_head":"<!-- This site is optimized with the Yoast SEO plugin v21.1 - https:\/\/yoast.com\/wordpress\/plugins\/seo\/ -->\n<title>F.A.Q.&#039;s - Bloom So Bright<\/title>\n<meta name=\"robots\" content=\"index, follow, max-snippet:-1, max-image-preview:large, max-video-preview:-1\" \/>\n<link rel=\"canonical\" href=\"https:\/\/bloomsobright.com\/es\/f-a-q-s\/\" \/>\n<meta property=\"og:locale\" content=\"es_ES\" \/>\n<meta property=\"og:type\" content=\"article\" \/>\n<meta property=\"og:title\" content=\"F.A.Q.&#039;s - Bloom So Bright\" \/>\n<meta property=\"og:description\" content=\"Where is your studio located?My studio is currently in my home in Port Charlotte, Florida. Where do you shoot your sessions?I shoot most of my sessions in my home studio. I do enjoy family sessions on the beach and other locations and will often travel to other areas. We usually will have sessions in Miami-Dade [...]Leer m\u00e1s...\" \/>\n<meta property=\"og:url\" content=\"https:\/\/bloomsobright.com\/es\/f-a-q-s\/\" \/>\n<meta property=\"og:site_name\" content=\"Bloom So Bright\" \/>\n<meta property=\"article:publisher\" content=\"https:\/\/www.facebook.com\/bloomsobright\" \/>\n<meta property=\"article:modified_time\" content=\"2022-05-11T16:15:15+00:00\" \/>\n<meta name=\"twitter:card\" content=\"summary_large_image\" \/>\n<meta name=\"twitter:label1\" content=\"Tiempo de lectura\" \/>\n\t<meta name=\"twitter:data1\" content=\"3 minutos\" \/>\n<script type=\"application\/ld+json\" class=\"yoast-schema-graph\">{\"@context\":\"https:\/\/schema.org\",\"@graph\":[{\"@type\":\"WebPage\",\"@id\":\"https:\/\/bloomsobright.com\/f-a-q-s\/\",\"url\":\"https:\/\/bloomsobright.com\/f-a-q-s\/\",\"name\":\"F.A.Q.'s - Bloom So Bright\",\"isPartOf\":{\"@id\":\"https:\/\/bloomsobright.com\/#website\"},\"datePublished\":\"2021-03-24T15:01:54+00:00\",\"dateModified\":\"2022-05-11T16:15:15+00:00\",\"breadcrumb\":{\"@id\":\"https:\/\/bloomsobright.com\/f-a-q-s\/#breadcrumb\"},\"inLanguage\":\"es\",\"potentialAction\":[{\"@type\":\"ReadAction\",\"target\":[\"https:\/\/bloomsobright.com\/f-a-q-s\/\"]}]},{\"@type\":\"BreadcrumbList\",\"@id\":\"https:\/\/bloomsobright.com\/f-a-q-s\/#breadcrumb\",\"itemListElement\":[{\"@type\":\"ListItem\",\"position\":1,\"name\":\"Home\",\"item\":\"https:\/\/bloomsobright.com\/\"},{\"@type\":\"ListItem\",\"position\":2,\"name\":\"F.A.Q.&#8217;s\"}]},{\"@type\":\"WebSite\",\"@id\":\"https:\/\/bloomsobright.com\/#website\",\"url\":\"https:\/\/bloomsobright.com\/\",\"name\":\"Bloom So Bright\",\"description\":\"Capturing Life in Full Bloom\",\"publisher\":{\"@id\":\"https:\/\/bloomsobright.com\/#organization\"},\"potentialAction\":[{\"@type\":\"SearchAction\",\"target\":{\"@type\":\"EntryPoint\",\"urlTemplate\":\"https:\/\/bloomsobright.com\/?s={search_term_string}\"},\"query-input\":\"required name=search_term_string\"}],\"inLanguage\":\"es\"},{\"@type\":\"Organization\",\"@id\":\"https:\/\/bloomsobright.com\/#organization\",\"name\":\"Bloom So Bright\",\"url\":\"https:\/\/bloomsobright.com\/\",\"logo\":{\"@type\":\"ImageObject\",\"inLanguage\":\"es\",\"@id\":\"https:\/\/bloomsobright.com\/#\/schema\/logo\/image\/\",\"url\":\"https:\/\/bloomsobright.com\/wp-content\/uploads\/2021\/02\/BSB_line_K.jpg\",\"contentUrl\":\"https:\/\/bloomsobright.com\/wp-content\/uploads\/2021\/02\/BSB_line_K.jpg\",\"width\":602,\"height\":150,\"caption\":\"Bloom So Bright\"},\"image\":{\"@id\":\"https:\/\/bloomsobright.com\/#\/schema\/logo\/image\/\"},\"sameAs\":[\"https:\/\/www.facebook.com\/bloomsobright\",\"https:\/\/www.instagram.com\/bloomsobright\/\",\"https:\/\/www.linkedin.com\/in\/natasha-santaella-38ab2a47\/\"]}]}<\/script>\n<!-- \/ Yoast SEO plugin. -->","yoast_head_json":{"title":"F.A.Q.'s - Bloom So Bright","robots":{"index":"index","follow":"follow","max-snippet":"max-snippet:-1","max-image-preview":"max-image-preview:large","max-video-preview":"max-video-preview:-1"},"canonical":"https:\/\/bloomsobright.com\/es\/f-a-q-s\/","og_locale":"es_ES","og_type":"article","og_title":"F.A.Q.'s - Bloom So Bright","og_description":"Where is your studio located?My studio is currently in my home in Port Charlotte, Florida. Where do you shoot your sessions?I shoot most of my sessions in my home studio. I do enjoy family sessions on the beach and other locations and will often travel to other areas. We usually will have sessions in Miami-Dade [...]Leer m\u00e1s...","og_url":"https:\/\/bloomsobright.com\/es\/f-a-q-s\/","og_site_name":"Bloom So Bright","article_publisher":"https:\/\/www.facebook.com\/bloomsobright","article_modified_time":"2022-05-11T16:15:15+00:00","twitter_card":"summary_large_image","twitter_misc":{"Tiempo de lectura":"3 minutos"},"schema":{"@context":"https:\/\/schema.org","@graph":[{"@type":"WebPage","@id":"https:\/\/bloomsobright.com\/f-a-q-s\/","url":"https:\/\/bloomsobright.com\/f-a-q-s\/","name":"F.A.Q.'s - Bloom So Bright","isPartOf":{"@id":"https:\/\/bloomsobright.com\/#website"},"datePublished":"2021-03-24T15:01:54+00:00","dateModified":"2022-05-11T16:15:15+00:00","breadcrumb":{"@id":"https:\/\/bloomsobright.com\/f-a-q-s\/#breadcrumb"},"inLanguage":"es","potentialAction":[{"@type":"ReadAction","target":["https:\/\/bloomsobright.com\/f-a-q-s\/"]}]},{"@type":"BreadcrumbList","@id":"https:\/\/bloomsobright.com\/f-a-q-s\/#breadcrumb","itemListElement":[{"@type":"ListItem","position":1,"name":"Home","item":"https:\/\/bloomsobright.com\/"},{"@type":"ListItem","position":2,"name":"F.A.Q.&#8217;s"}]},{"@type":"WebSite","@id":"https:\/\/bloomsobright.com\/#website","url":"https:\/\/bloomsobright.com\/","name":"Bloom So Bright","description":"Capturing Life in Full Bloom","publisher":{"@id":"https:\/\/bloomsobright.com\/#organization"},"potentialAction":[{"@type":"SearchAction","target":{"@type":"EntryPoint","urlTemplate":"https:\/\/bloomsobright.com\/?s={search_term_string}"},"query-input":"required name=search_term_string"}],"inLanguage":"es"},{"@type":"Organization","@id":"https:\/\/bloomsobright.com\/#organization","name":"Bloom So Bright","url":"https:\/\/bloomsobright.com\/","logo":{"@type":"ImageObject","inLanguage":"es","@id":"https:\/\/bloomsobright.com\/#\/schema\/logo\/image\/","url":"https:\/\/bloomsobright.com\/wp-content\/uploads\/2021\/02\/BSB_line_K.jpg","contentUrl":"https:\/\/bloomsobright.com\/wp-content\/uploads\/2021\/02\/BSB_line_K.jpg","width":602,"height":150,"caption":"Bloom So Bright"},"image":{"@id":"https:\/\/bloomsobright.com\/#\/schema\/logo\/image\/"},"sameAs":["https:\/\/www.facebook.com\/bloomsobright","https:\/\/www.instagram.com\/bloomsobright\/","https:\/\/www.linkedin.com\/in\/natasha-santaella-38ab2a47\/"]}]}},"_links":{"self":[{"href":"https:\/\/bloomsobright.com\/es\/wp-json\/wp\/v2\/pages\/546"}],"collection":[{"href":"https:\/\/bloomsobright.com\/es\/wp-json\/wp\/v2\/pages"}],"about":[{"href":"https:\/\/bloomsobright.com\/es\/wp-json\/wp\/v2\/types\/page"}],"author":[{"embeddable":true,"href":"https:\/\/bloomsobright.com\/es\/wp-json\/wp\/v2\/users\/1"}],"replies":[{"embeddable":true,"href":"https:\/\/bloomsobright.com\/es\/wp-json\/wp\/v2\/comments?post=546"}],"version-history":[{"count":4,"href":"https:\/\/bloomsobright.com\/es\/wp-json\/wp\/v2\/pages\/546\/revisions"}],"predecessor-version":[{"id":1044,"href":"https:\/\/bloomsobright.com\/es\/wp-json\/wp\/v2\/pages\/546\/revisions\/1044"}],"wp:attachment":[{"href":"https:\/\/bloomsobright.com\/es\/wp-json\/wp\/v2\/media?parent=546"}],"curies":[{"name":"wp","href":"https:\/\/api.w.org\/{rel}","templated":true}]}}