{"id":486,"date":"2021-02-16T15:10:12","date_gmt":"2021-02-16T20:10:12","guid":{"rendered":"https:\/\/bloomsobright.com\/?page_id=486"},"modified":"2022-05-11T11:31:04","modified_gmt":"2022-05-11T15:31:04","slug":"about","status":"publish","type":"page","link":"https:\/\/bloomsobright.com\/es\/about\/","title":{"rendered":"Sobre m\u00ed"},"content":{"rendered":"<div class=\"is-layout-flex wp-container-4 wp-block-columns\">\n<div class=\"is-layout-flow wp-block-column\" style=\"flex-basis:66%\">\n<div class=\"is-layout-flow wp-block-group\"><div class=\"wp-block-group__inner-container\">\n<p>\u00a1Hola! Mi nombre es Natasha Santaella. Soy el fot\u00f3grafo de Bloom So Bright y me siento halagado de que est\u00e9s aqu\u00ed.<\/p>\n\n\n\n<p>Antes de convertirme en fot\u00f3grafo, pas\u00e9 6 a\u00f1os como maestra en los grados K-8. Soy una consejera de salud mental con licencia, que disfruta trabajar con j\u00f3venes y empoderar a las mujeres. No hace falta decir que servir a los ni\u00f1os y sus familias siempre ha sido una de mis pasiones y un hilo conductor en todos los caminos profesionales que he tomado.<\/p>\n\n\n\n<p>Estoy casada con un hombre incre\u00edble, que resulta ser la otra mitad de BSB, y recientemente nos convertimos en padres de un chico dulce que es la luz de nuestras vidas. La importancia de vivir el momento presente con esp\u00edritu de gratitud es una meta diaria para m\u00ed. Desde que me convert\u00ed en madre, \u00a1me he vuelto a\u00fan m\u00e1s intencional en reducir la velocidad para disfrutar del momento presente y capturarlo!<\/p>\n\n\n\n<p>\u00a1La fotograf\u00eda renueva mi calma interior y aumenta mi fuente de alegr\u00eda! Es mi recordatorio continuo de detenerme y oler las flores, lo que me permite dar gracias por el aqu\u00ed y el ahora. Me ha ense\u00f1ado que no hay mejor momento que el presente para celebrar nuestras vidas.<\/p>\n\n\n\n<p>Por lo tanto, nuestro objetivo en Bloom So Bright es exactamente eso: brindarles a nuestros clientes la capacidad de apreciar este momento en el que su vida est\u00e1 en plena floraci\u00f3n. \u00a1Perm\u00edtanos capturarlo para usted!<\/p>\n\n\n\n<p>Con mucho amor<br>Natasha Santaella<\/p>\n<\/div><\/div>\n<\/div>\n\n\n\n<div class=\"is-layout-flow wp-block-column\" style=\"flex-basis:33%\">\n<figure class=\"wp-block-image size-large\"><img decoding=\"async\" loading=\"lazy\" width=\"683\" height=\"1024\" src=\"https:\/\/bloomsobright.com\/wp-content\/uploads\/2020\/08\/about-us-1-683x1024.jpg\" alt=\"\" class=\"wp-image-167\" srcset=\"https:\/\/bloomsobright.com\/wp-content\/uploads\/2020\/08\/about-us-1-683x1024.jpg 683w, https:\/\/bloomsobright.com\/wp-content\/uploads\/2020\/08\/about-us-1-200x300.jpg 200w, https:\/\/bloomsobright.com\/wp-content\/uploads\/2020\/08\/about-us-1-768x1152.jpg 768w, https:\/\/bloomsobright.com\/wp-content\/uploads\/2020\/08\/about-us-1-1024x1536.jpg 1024w, https:\/\/bloomsobright.com\/wp-content\/uploads\/2020\/08\/about-us-1-1365x2048.jpg 1365w, https:\/\/bloomsobright.com\/wp-content\/uploads\/2020\/08\/about-us-1-scaled.jpg 1706w\" sizes=\"(max-width: 683px) 100vw, 683px\" \/><\/figure>\n<\/div>\n<\/div>\n\n\n<div id=\"envira-gallery-wrap-78\" class=\"envira-gallery-wrap envira-gallery-theme-base envira-lightbox-theme-base\" itemscope itemtype=\"https:\/\/schema.org\/ImageGallery\"><div data-row-height=\"400\" data-gallery-theme=\"normal\" id=\"envira-gallery-78\" class=\"envira-gallery-public envira-gallery-justified-public envira-gallery-0-columns envira-clear enviratope envira-gallery-css-animations\" data-envira-columns=\"0\"><div id=\"envira-gallery-item-168\" class=\"envira-gallery-item enviratope-item envira-gallery-item-1 envira-lazy-load\" style=\"padding-left: 1px; padding-bottom: 1px; padding-right: 1px;\"  itemscope itemtype=\"https:\/\/schema.org\/ImageObject\"><div class=\"envira-gallery-item-inner\"><div class=\"envira-gallery-position-overlay  envira-gallery-top-left\"><\/div><div class=\"envira-gallery-position-overlay  envira-gallery-top-right\"><\/div><div class=\"envira-gallery-position-overlay  envira-gallery-bottom-left\"><\/div><div class=\"envira-gallery-position-overlay  envira-gallery-bottom-right\"><\/div><a href=\"https:\/\/bloomsobright.com\/wp-content\/uploads\/2020\/08\/about-us-2-scaled.jpg\" class=\"envira-gallery-78 envira-gallery-link\" rel=\"enviragallery78\" title=\"about-us-2\" data-envira-caption=\"about-us-2\" data-envira-retina=\"\" data-thumbnail=\"\"  itemprop=\"contentUrl\"><img id=\"envira-gallery-image-168\" class=\"envira-gallery-image envira-gallery-image-1 envira-normal envira-lazy\" data-envira-index=\"1\" src=\"https:\/\/bloomsobright.com\/wp-content\/uploads\/2020\/08\/about-us-2-scaled.jpg\" data-envira-src=\"https:\/\/bloomsobright.com\/wp-content\/uploads\/2020\/08\/about-us-2-scaled.jpg\" data-envira-gallery-id=\"78\" data-envira-item-id=\"168\" data-envira-caption=\"about-us-2\" alt=\"\" title=\"about-us-2\"  itemprop=\"thumbnailUrl\" data-envira-srcset=\"https:\/\/bloomsobright.com\/wp-content\/uploads\/2020\/08\/about-us-2-scaled.jpg 400w,https:\/\/bloomsobright.com\/wp-content\/uploads\/2020\/08\/about-us-2-scaled.jpg 2x\" data-envira-width=\"200\" data-envira-height=\"300\" srcset=\"data:image\/gif;base64,R0lGODlhAQABAIAAAP\/\/\/\/\/\/\/yH5BAEKAAEALAAAAAABAAEAAAICTAEAOw==\" data-safe-src=\"data:image\/gif;base64,R0lGODlhAQABAIAAAP\/\/\/\/\/\/\/yH5BAEKAAEALAAAAAABAAEAAAICTAEAOw==\" \/><\/a><\/div><\/div><div id=\"envira-gallery-item-169\" class=\"envira-gallery-item enviratope-item envira-gallery-item-2 envira-lazy-load\" style=\"padding-left: 1px; padding-bottom: 1px; padding-right: 1px;\"  itemscope itemtype=\"https:\/\/schema.org\/ImageObject\"><div class=\"envira-gallery-item-inner\"><div class=\"envira-gallery-position-overlay  envira-gallery-top-left\"><\/div><div class=\"envira-gallery-position-overlay  envira-gallery-top-right\"><\/div><div class=\"envira-gallery-position-overlay  envira-gallery-bottom-left\"><\/div><div class=\"envira-gallery-position-overlay  envira-gallery-bottom-right\"><\/div><a href=\"https:\/\/bloomsobright.com\/wp-content\/uploads\/2020\/08\/about-us-3-scaled.jpg\" class=\"envira-gallery-78 envira-gallery-link\" rel=\"enviragallery78\" title=\"about-us-3\" data-envira-caption=\"about-us-3\" data-envira-retina=\"\" data-thumbnail=\"\"  itemprop=\"contentUrl\"><img id=\"envira-gallery-image-169\" class=\"envira-gallery-image envira-gallery-image-2 envira-normal envira-lazy\" data-envira-index=\"2\" src=\"https:\/\/bloomsobright.com\/wp-content\/uploads\/2020\/08\/about-us-3-scaled.jpg\" data-envira-src=\"https:\/\/bloomsobright.com\/wp-content\/uploads\/2020\/08\/about-us-3-scaled.jpg\" data-envira-gallery-id=\"78\" data-envira-item-id=\"169\" data-envira-caption=\"about-us-3\" alt=\"\" title=\"about-us-3\"  itemprop=\"thumbnailUrl\" data-envira-srcset=\"https:\/\/bloomsobright.com\/wp-content\/uploads\/2020\/08\/about-us-3-scaled.jpg 400w,https:\/\/bloomsobright.com\/wp-content\/uploads\/2020\/08\/about-us-3-scaled.jpg 2x\" data-envira-width=\"300\" data-envira-height=\"200\" srcset=\"data:image\/gif;base64,R0lGODlhAQABAIAAAP\/\/\/\/\/\/\/yH5BAEKAAEALAAAAAABAAEAAAICTAEAOw==\" data-safe-src=\"data:image\/gif;base64,R0lGODlhAQABAIAAAP\/\/\/\/\/\/\/yH5BAEKAAEALAAAAAABAAEAAAICTAEAOw==\" \/><\/a><\/div><\/div><div id=\"envira-gallery-item-170\" class=\"envira-gallery-item enviratope-item envira-gallery-item-3 envira-lazy-load\" style=\"padding-left: 1px; padding-bottom: 1px; padding-right: 1px;\"  itemscope itemtype=\"https:\/\/schema.org\/ImageObject\"><div class=\"envira-gallery-item-inner\"><div class=\"envira-gallery-position-overlay  envira-gallery-top-left\"><\/div><div class=\"envira-gallery-position-overlay  envira-gallery-top-right\"><\/div><div class=\"envira-gallery-position-overlay  envira-gallery-bottom-left\"><\/div><div class=\"envira-gallery-position-overlay  envira-gallery-bottom-right\"><\/div><a href=\"https:\/\/bloomsobright.com\/wp-content\/uploads\/2020\/08\/about-us-4-scaled.jpg\" class=\"envira-gallery-78 envira-gallery-link\" rel=\"enviragallery78\" title=\"about-us-4\" data-envira-caption=\"about-us-4\" data-envira-retina=\"\" data-thumbnail=\"\"  itemprop=\"contentUrl\"><img id=\"envira-gallery-image-170\" class=\"envira-gallery-image envira-gallery-image-3 envira-normal envira-lazy\" data-envira-index=\"3\" src=\"https:\/\/bloomsobright.com\/wp-content\/uploads\/2020\/08\/about-us-4-scaled.jpg\" data-envira-src=\"https:\/\/bloomsobright.com\/wp-content\/uploads\/2020\/08\/about-us-4-scaled.jpg\" data-envira-gallery-id=\"78\" data-envira-item-id=\"170\" data-envira-caption=\"about-us-4\" alt=\"\" title=\"about-us-4\"  itemprop=\"thumbnailUrl\" data-envira-srcset=\"https:\/\/bloomsobright.com\/wp-content\/uploads\/2020\/08\/about-us-4-scaled.jpg 400w,https:\/\/bloomsobright.com\/wp-content\/uploads\/2020\/08\/about-us-4-scaled.jpg 2x\" data-envira-width=\"200\" data-envira-height=\"300\" srcset=\"data:image\/gif;base64,R0lGODlhAQABAIAAAP\/\/\/\/\/\/\/yH5BAEKAAEALAAAAAABAAEAAAICTAEAOw==\" data-safe-src=\"data:image\/gif;base64,R0lGODlhAQABAIAAAP\/\/\/\/\/\/\/yH5BAEKAAEALAAAAAABAAEAAAICTAEAOw==\" \/><\/a><\/div><\/div><\/div><\/div><noscript><img src=\"https:\/\/bloomsobright.com\/wp-content\/uploads\/2020\/08\/about-us-2-scaled.jpg\" alt=\"\" \/><img src=\"https:\/\/bloomsobright.com\/wp-content\/uploads\/2020\/08\/about-us-3-scaled.jpg\" alt=\"\" \/><img src=\"https:\/\/bloomsobright.com\/wp-content\/uploads\/2020\/08\/about-us-4-scaled.jpg\" alt=\"\" \/><\/noscript>","protected":false},"excerpt":{"rendered":"<p>Hi there! My name is Natasha Santaella. I\u2019m the photographer at Bloom So Bright and am flattered that you are here. Before I became a photographer, I spent 6 years as a teacher in grades K-8. I am a Licensed Mental Health Counselor, who enjoys working with youth and empowering women. Needless to say, serving [&#8230;]<\/p>\n<p><a class=\"btn btn-secondary understrap-read-more-link\" href=\"https:\/\/bloomsobright.com\/es\/about\/\">Leer m\u00e1s&#8230;<\/a><\/p>","protected":false},"author":1,"featured_media":0,"parent":0,"menu_order":11,"comment_status":"closed","ping_status":"closed","template":"page-templates\/fullwidthpage.php","meta":[],"acf":[],"yoast_head":"<!-- This site is optimized with the Yoast SEO plugin v21.1 - https:\/\/yoast.com\/wordpress\/plugins\/seo\/ -->\n<title>About - Bloom So Bright<\/title>\n<meta name=\"robots\" content=\"index, follow, max-snippet:-1, max-image-preview:large, max-video-preview:-1\" \/>\n<link rel=\"canonical\" href=\"https:\/\/bloomsobright.com\/es\/about\/\" \/>\n<meta property=\"og:locale\" content=\"es_ES\" \/>\n<meta property=\"og:type\" content=\"article\" \/>\n<meta property=\"og:title\" content=\"About - Bloom So Bright\" \/>\n<meta property=\"og:description\" content=\"Hi there! My name is Natasha Santaella. I\u2019m the photographer at Bloom So Bright and am flattered that you are here. Before I became a photographer, I spent 6 years as a teacher in grades K-8. I am a Licensed Mental Health Counselor, who enjoys working with youth and empowering women. Needless to say, serving [...]Leer m\u00e1s...\" \/>\n<meta property=\"og:url\" content=\"https:\/\/bloomsobright.com\/es\/about\/\" \/>\n<meta property=\"og:site_name\" content=\"Bloom So Bright\" \/>\n<meta property=\"article:publisher\" content=\"https:\/\/www.facebook.com\/bloomsobright\" \/>\n<meta property=\"article:modified_time\" content=\"2022-05-11T15:31:04+00:00\" \/>\n<meta property=\"og:image\" content=\"https:\/\/bloomsobright.com\/wp-content\/uploads\/2020\/08\/about-us-1-683x1024.jpg\" \/>\n<meta name=\"twitter:card\" content=\"summary_large_image\" \/>\n<meta name=\"twitter:label1\" content=\"Tiempo de lectura\" \/>\n\t<meta name=\"twitter:data1\" content=\"2 minutos\" \/>\n<script type=\"application\/ld+json\" class=\"yoast-schema-graph\">{\"@context\":\"https:\/\/schema.org\",\"@graph\":[{\"@type\":\"WebPage\",\"@id\":\"https:\/\/bloomsobright.com\/about\/\",\"url\":\"https:\/\/bloomsobright.com\/about\/\",\"name\":\"About - Bloom So Bright\",\"isPartOf\":{\"@id\":\"https:\/\/bloomsobright.com\/#website\"},\"datePublished\":\"2021-02-16T20:10:12+00:00\",\"dateModified\":\"2022-05-11T15:31:04+00:00\",\"breadcrumb\":{\"@id\":\"https:\/\/bloomsobright.com\/about\/#breadcrumb\"},\"inLanguage\":\"es\",\"potentialAction\":[{\"@type\":\"ReadAction\",\"target\":[\"https:\/\/bloomsobright.com\/about\/\"]}]},{\"@type\":\"BreadcrumbList\",\"@id\":\"https:\/\/bloomsobright.com\/about\/#breadcrumb\",\"itemListElement\":[{\"@type\":\"ListItem\",\"position\":1,\"name\":\"Home\",\"item\":\"https:\/\/bloomsobright.com\/\"},{\"@type\":\"ListItem\",\"position\":2,\"name\":\"About\"}]},{\"@type\":\"WebSite\",\"@id\":\"https:\/\/bloomsobright.com\/#website\",\"url\":\"https:\/\/bloomsobright.com\/\",\"name\":\"Bloom So Bright\",\"description\":\"Capturing Life in Full Bloom\",\"publisher\":{\"@id\":\"https:\/\/bloomsobright.com\/#organization\"},\"potentialAction\":[{\"@type\":\"SearchAction\",\"target\":{\"@type\":\"EntryPoint\",\"urlTemplate\":\"https:\/\/bloomsobright.com\/?s={search_term_string}\"},\"query-input\":\"required name=search_term_string\"}],\"inLanguage\":\"es\"},{\"@type\":\"Organization\",\"@id\":\"https:\/\/bloomsobright.com\/#organization\",\"name\":\"Bloom So Bright\",\"url\":\"https:\/\/bloomsobright.com\/\",\"logo\":{\"@type\":\"ImageObject\",\"inLanguage\":\"es\",\"@id\":\"https:\/\/bloomsobright.com\/#\/schema\/logo\/image\/\",\"url\":\"https:\/\/bloomsobright.com\/wp-content\/uploads\/2021\/02\/BSB_line_K.jpg\",\"contentUrl\":\"https:\/\/bloomsobright.com\/wp-content\/uploads\/2021\/02\/BSB_line_K.jpg\",\"width\":602,\"height\":150,\"caption\":\"Bloom So Bright\"},\"image\":{\"@id\":\"https:\/\/bloomsobright.com\/#\/schema\/logo\/image\/\"},\"sameAs\":[\"https:\/\/www.facebook.com\/bloomsobright\",\"https:\/\/www.instagram.com\/bloomsobright\/\",\"https:\/\/www.linkedin.com\/in\/natasha-santaella-38ab2a47\/\"]}]}<\/script>\n<!-- \/ Yoast SEO plugin. -->","yoast_head_json":{"title":"About - Bloom So Bright","robots":{"index":"index","follow":"follow","max-snippet":"max-snippet:-1","max-image-preview":"max-image-preview:large","max-video-preview":"max-video-preview:-1"},"canonical":"https:\/\/bloomsobright.com\/es\/about\/","og_locale":"es_ES","og_type":"article","og_title":"About - Bloom So Bright","og_description":"Hi there! My name is Natasha Santaella. I\u2019m the photographer at Bloom So Bright and am flattered that you are here. Before I became a photographer, I spent 6 years as a teacher in grades K-8. I am a Licensed Mental Health Counselor, who enjoys working with youth and empowering women. Needless to say, serving [...]Leer m\u00e1s...","og_url":"https:\/\/bloomsobright.com\/es\/about\/","og_site_name":"Bloom So Bright","article_publisher":"https:\/\/www.facebook.com\/bloomsobright","article_modified_time":"2022-05-11T15:31:04+00:00","og_image":[{"url":"https:\/\/bloomsobright.com\/wp-content\/uploads\/2020\/08\/about-us-1-683x1024.jpg"}],"twitter_card":"summary_large_image","twitter_misc":{"Tiempo de lectura":"2 minutos"},"schema":{"@context":"https:\/\/schema.org","@graph":[{"@type":"WebPage","@id":"https:\/\/bloomsobright.com\/about\/","url":"https:\/\/bloomsobright.com\/about\/","name":"About - Bloom So Bright","isPartOf":{"@id":"https:\/\/bloomsobright.com\/#website"},"datePublished":"2021-02-16T20:10:12+00:00","dateModified":"2022-05-11T15:31:04+00:00","breadcrumb":{"@id":"https:\/\/bloomsobright.com\/about\/#breadcrumb"},"inLanguage":"es","potentialAction":[{"@type":"ReadAction","target":["https:\/\/bloomsobright.com\/about\/"]}]},{"@type":"BreadcrumbList","@id":"https:\/\/bloomsobright.com\/about\/#breadcrumb","itemListElement":[{"@type":"ListItem","position":1,"name":"Home","item":"https:\/\/bloomsobright.com\/"},{"@type":"ListItem","position":2,"name":"About"}]},{"@type":"WebSite","@id":"https:\/\/bloomsobright.com\/#website","url":"https:\/\/bloomsobright.com\/","name":"Bloom So Bright","description":"Capturing Life in Full Bloom","publisher":{"@id":"https:\/\/bloomsobright.com\/#organization"},"potentialAction":[{"@type":"SearchAction","target":{"@type":"EntryPoint","urlTemplate":"https:\/\/bloomsobright.com\/?s={search_term_string}"},"query-input":"required name=search_term_string"}],"inLanguage":"es"},{"@type":"Organization","@id":"https:\/\/bloomsobright.com\/#organization","name":"Bloom So Bright","url":"https:\/\/bloomsobright.com\/","logo":{"@type":"ImageObject","inLanguage":"es","@id":"https:\/\/bloomsobright.com\/#\/schema\/logo\/image\/","url":"https:\/\/bloomsobright.com\/wp-content\/uploads\/2021\/02\/BSB_line_K.jpg","contentUrl":"https:\/\/bloomsobright.com\/wp-content\/uploads\/2021\/02\/BSB_line_K.jpg","width":602,"height":150,"caption":"Bloom So Bright"},"image":{"@id":"https:\/\/bloomsobright.com\/#\/schema\/logo\/image\/"},"sameAs":["https:\/\/www.facebook.com\/bloomsobright","https:\/\/www.instagram.com\/bloomsobright\/","https:\/\/www.linkedin.com\/in\/natasha-santaella-38ab2a47\/"]}]}},"_links":{"self":[{"href":"https:\/\/bloomsobright.com\/es\/wp-json\/wp\/v2\/pages\/486"}],"collection":[{"href":"https:\/\/bloomsobright.com\/es\/wp-json\/wp\/v2\/pages"}],"about":[{"href":"https:\/\/bloomsobright.com\/es\/wp-json\/wp\/v2\/types\/page"}],"author":[{"embeddable":true,"href":"https:\/\/bloomsobright.com\/es\/wp-json\/wp\/v2\/users\/1"}],"replies":[{"embeddable":true,"href":"https:\/\/bloomsobright.com\/es\/wp-json\/wp\/v2\/comments?post=486"}],"version-history":[{"count":4,"href":"https:\/\/bloomsobright.com\/es\/wp-json\/wp\/v2\/pages\/486\/revisions"}],"predecessor-version":[{"id":1038,"href":"https:\/\/bloomsobright.com\/es\/wp-json\/wp\/v2\/pages\/486\/revisions\/1038"}],"wp:attachment":[{"href":"https:\/\/bloomsobright.com\/es\/wp-json\/wp\/v2\/media?parent=486"}],"curies":[{"name":"wp","href":"https:\/\/api.w.org\/{rel}","templated":true}]}}